{"id":3933,"date":"2023-08-15T17:58:33","date_gmt":"2023-08-15T20:58:33","guid":{"rendered":"https:\/\/engetubo.com.br\/v2\/?page_id=3933"},"modified":"2023-09-25T21:47:43","modified_gmt":"2023-09-26T00:47:43","slug":"blog","status":"publish","type":"page","link":"https:\/\/engetubo.com.br\/premoldados\/blog\/","title":{"rendered":"Blog"},"content":{"rendered":"\t\t<div data-elementor-type=\"wp-page\" data-elementor-id=\"3933\" class=\"elementor elementor-3933\" data-elementor-post-type=\"page\">\n\t\t\t\t\t\t\t\t\t<section class=\"elementor-section elementor-top-section elementor-element elementor-element-a59d923 elementor-section-boxed elementor-section-height-default elementor-section-height-default\" data-id=\"a59d923\" data-element_type=\"section\" data-settings=\"{&quot;background_background&quot;:&quot;classic&quot;}\">\n\t\t\t\t\t\t<div class=\"elementor-container elementor-column-gap-default\">\n\t\t\t\t\t<div class=\"elementor-column elementor-col-100 elementor-top-column elementor-element elementor-element-ba23fd6\" data-id=\"ba23fd6\" data-element_type=\"column\">\n\t\t\t<div class=\"elementor-widget-wrap elementor-element-populated\">\n\t\t\t\t\t\t\t\t<div class=\"elementor-element elementor-element-b523669 elementor-widget elementor-widget-heading\" data-id=\"b523669\" data-element_type=\"widget\" data-widget_type=\"heading.default\">\n\t\t\t\t<div class=\"elementor-widget-container\">\n\t\t\t<style>\/*! elementor - v3.15.0 - 09-08-2023 *\/\n.elementor-heading-title{padding:0;margin:0;line-height:1}.elementor-widget-heading .elementor-heading-title[class*=elementor-size-]>a{color:inherit;font-size:inherit;line-height:inherit}.elementor-widget-heading .elementor-heading-title.elementor-size-small{font-size:15px}.elementor-widget-heading .elementor-heading-title.elementor-size-medium{font-size:19px}.elementor-widget-heading .elementor-heading-title.elementor-size-large{font-size:29px}.elementor-widget-heading .elementor-heading-title.elementor-size-xl{font-size:39px}.elementor-widget-heading .elementor-heading-title.elementor-size-xxl{font-size:59px}<\/style><h1 class=\"elementor-heading-title elementor-size-default\">Blog<\/h1>\t\t<\/div>\n\t\t\t\t<\/div>\n\t\t\t\t\t<\/div>\n\t\t<\/div>\n\t\t\t\t\t\t\t<\/div>\n\t\t<\/section>\n\t\t\t\t<section class=\"elementor-section elementor-top-section elementor-element elementor-element-6ac95a6 elementor-section-boxed elementor-section-height-default elementor-section-height-default\" data-id=\"6ac95a6\" data-element_type=\"section\">\n\t\t\t\t\t\t<div class=\"elementor-container elementor-column-gap-default\">\n\t\t\t\t\t<div class=\"elementor-column elementor-col-100 elementor-top-column elementor-element elementor-element-9ac4f06\" data-id=\"9ac4f06\" data-element_type=\"column\">\n\t\t\t<div class=\"elementor-widget-wrap elementor-element-populated\">\n\t\t\t\t\t\t\t\t<div class=\"elementor-element elementor-element-b63f143 elementor-grid-3 elementor-grid-tablet-2 elementor-grid-mobile-1 elementor-posts--thumbnail-top elementor-widget elementor-widget-posts\" data-id=\"b63f143\" data-element_type=\"widget\" data-settings=\"{&quot;pagination_type&quot;:&quot;numbers&quot;,&quot;classic_columns&quot;:&quot;3&quot;,&quot;classic_columns_tablet&quot;:&quot;2&quot;,&quot;classic_columns_mobile&quot;:&quot;1&quot;,&quot;classic_row_gap&quot;:{&quot;unit&quot;:&quot;px&quot;,&quot;size&quot;:35,&quot;sizes&quot;:[]},&quot;classic_row_gap_tablet&quot;:{&quot;unit&quot;:&quot;px&quot;,&quot;size&quot;:&quot;&quot;,&quot;sizes&quot;:[]},&quot;classic_row_gap_mobile&quot;:{&quot;unit&quot;:&quot;px&quot;,&quot;size&quot;:&quot;&quot;,&quot;sizes&quot;:[]}}\" data-widget_type=\"posts.classic\">\n\t\t\t\t<div class=\"elementor-widget-container\">\n\t\t\t<link rel=\"stylesheet\" href=\"https:\/\/engetubo.com.br\/premoldados\/wp-content\/plugins\/elementor-pro\/assets\/css\/widget-posts.min.css\">\t\t<div class=\"elementor-posts-container elementor-posts elementor-posts--skin-classic elementor-grid\">\n\t\t\t\t<article class=\"elementor-post elementor-grid-item post-4262 post type-post status-publish format-standard has-post-thumbnail hentry category-pre-moldado-em-concreto\">\n\t\t\t\t<a class=\"elementor-post__thumbnail__link\" href=\"https:\/\/engetubo.com.br\/premoldados\/lideres-em-produtos-pre-moldados-para-construcao-civil\/\" >\n\t\t\t<div class=\"elementor-post__thumbnail\"><img loading=\"lazy\" decoding=\"async\" width=\"300\" height=\"225\" src=\"https:\/\/engetubo.com.br\/premoldados\/wp-content\/uploads\/2023\/08\/ENSAIO-ESTANQUEIDADE-300x225.jpg\" class=\"attachment-medium size-medium wp-image-267\" alt=\"\" srcset=\"https:\/\/engetubo.com.br\/premoldados\/wp-content\/uploads\/2023\/08\/ENSAIO-ESTANQUEIDADE-300x225.jpg 300w, https:\/\/engetubo.com.br\/premoldados\/wp-content\/uploads\/2023\/08\/ENSAIO-ESTANQUEIDADE-1024x768.jpg 1024w, https:\/\/engetubo.com.br\/premoldados\/wp-content\/uploads\/2023\/08\/ENSAIO-ESTANQUEIDADE-768x576.jpg 768w, https:\/\/engetubo.com.br\/premoldados\/wp-content\/uploads\/2023\/08\/ENSAIO-ESTANQUEIDADE.jpg 1280w\" sizes=\"auto, (max-width: 300px) 100vw, 300px\" \/><\/div>\n\t\t<\/a>\n\t\t\t\t<div class=\"elementor-post__text\">\n\t\t\t\t<h3 class=\"elementor-post__title\">\n\t\t\t<a href=\"https:\/\/engetubo.com.br\/premoldados\/lideres-em-produtos-pre-moldados-para-construcao-civil\/\" >\n\t\t\t\tL\u00edderes em Produtos Pr\u00e9-Moldados para Constru\u00e7\u00e3o Civil\t\t\t<\/a>\n\t\t<\/h3>\n\t\t\t\t<div class=\"elementor-post__meta-data\">\n\t\t\t\t\t<span class=\"elementor-post-date\">\n\t\t\t10 de abril de 2024\t\t<\/span>\n\t\t\t\t<\/div>\n\t\t\t\t<div class=\"elementor-post__excerpt\">\n\t\t\t<p>Desde sua funda\u00e7\u00e3o no ano 2000, a Engetubo tem sido uma refer\u00eancia na ind\u00fastria da constru\u00e7\u00e3o civil, oferecendo produtos pr\u00e9-moldados em concreto de alta qualidade<\/p>\n\t\t<\/div>\n\t\t\n\t\t<a class=\"elementor-post__read-more\" href=\"https:\/\/engetubo.com.br\/premoldados\/lideres-em-produtos-pre-moldados-para-construcao-civil\/\" aria-label=\"Read more about L\u00edderes em Produtos Pr\u00e9-Moldados para Constru\u00e7\u00e3o Civil\" >\n\t\t\tLeia mais \u00bb\t\t<\/a>\n\n\t\t\t\t<\/div>\n\t\t\t\t<\/article>\n\t\t\t\t<article class=\"elementor-post elementor-grid-item post-4241 post type-post status-publish format-standard has-post-thumbnail hentry category-aduelas-de-concreto\">\n\t\t\t\t<a class=\"elementor-post__thumbnail__link\" href=\"https:\/\/engetubo.com.br\/premoldados\/beneficios-das-aduelas-de-concreto-para-obras-de-drenagem\/\" >\n\t\t\t<div class=\"elementor-post__thumbnail\"><img loading=\"lazy\" decoding=\"async\" width=\"300\" height=\"225\" src=\"https:\/\/engetubo.com.br\/premoldados\/wp-content\/uploads\/2024\/03\/estoque-300x225.jpg\" class=\"attachment-medium size-medium wp-image-4242\" alt=\"\" srcset=\"https:\/\/engetubo.com.br\/premoldados\/wp-content\/uploads\/2024\/03\/estoque-300x225.jpg 300w, https:\/\/engetubo.com.br\/premoldados\/wp-content\/uploads\/2024\/03\/estoque-1024x768.jpg 1024w, https:\/\/engetubo.com.br\/premoldados\/wp-content\/uploads\/2024\/03\/estoque-768x576.jpg 768w, https:\/\/engetubo.com.br\/premoldados\/wp-content\/uploads\/2024\/03\/estoque-1536x1152.jpg 1536w, https:\/\/engetubo.com.br\/premoldados\/wp-content\/uploads\/2024\/03\/estoque-2048x1536.jpg 2048w\" sizes=\"auto, (max-width: 300px) 100vw, 300px\" \/><\/div>\n\t\t<\/a>\n\t\t\t\t<div class=\"elementor-post__text\">\n\t\t\t\t<h3 class=\"elementor-post__title\">\n\t\t\t<a href=\"https:\/\/engetubo.com.br\/premoldados\/beneficios-das-aduelas-de-concreto-para-obras-de-drenagem\/\" >\n\t\t\t\tBenef\u00edcios das Aduelas de Concreto para Obras de Drenagem\t\t\t<\/a>\n\t\t<\/h3>\n\t\t\t\t<div class=\"elementor-post__meta-data\">\n\t\t\t\t\t<span class=\"elementor-post-date\">\n\t\t\t5 de mar\u00e7o de 2024\t\t<\/span>\n\t\t\t\t<\/div>\n\t\t\t\t<div class=\"elementor-post__excerpt\">\n\t\t\t<p>Quando se trata de projetos de drenagem, encontrar solu\u00e7\u00f5es eficazes e dur\u00e1veis \u00e9 fundamental para garantir o sucesso da obra. Nesse contexto, as aduelas de<\/p>\n\t\t<\/div>\n\t\t\n\t\t<a class=\"elementor-post__read-more\" href=\"https:\/\/engetubo.com.br\/premoldados\/beneficios-das-aduelas-de-concreto-para-obras-de-drenagem\/\" aria-label=\"Read more about Benef\u00edcios das Aduelas de Concreto para Obras de Drenagem\" >\n\t\t\tLeia mais \u00bb\t\t<\/a>\n\n\t\t\t\t<\/div>\n\t\t\t\t<\/article>\n\t\t\t\t<article class=\"elementor-post elementor-grid-item post-4236 post type-post status-publish format-standard has-post-thumbnail hentry category-pre-moldado-em-concreto category-tubo-de-concreto-pa1-tubo-pa1 category-tubo-de-concreto-pa2-tubo-pa2 category-tubo-de-concreto-pa3 category-tubo-de-concreto-pa4 category-tubo-de-concreto-para-canalizacao-de-agua category-tubos-de-concreto\">\n\t\t\t\t<a class=\"elementor-post__thumbnail__link\" href=\"https:\/\/engetubo.com.br\/premoldados\/o-que-sao-as-classes-de-resistencia-dos-tubos\/\" >\n\t\t\t<div class=\"elementor-post__thumbnail\"><img loading=\"lazy\" decoding=\"async\" width=\"300\" height=\"261\" src=\"https:\/\/engetubo.com.br\/premoldados\/wp-content\/uploads\/2023\/03\/CTA-padrao@1.5x-50-300x261.jpg\" class=\"attachment-medium size-medium wp-image-3861\" alt=\"\" srcset=\"https:\/\/engetubo.com.br\/premoldados\/wp-content\/uploads\/2023\/03\/CTA-padrao@1.5x-50-300x261.jpg 300w, https:\/\/engetubo.com.br\/premoldados\/wp-content\/uploads\/2023\/03\/CTA-padrao@1.5x-50-1024x890.jpg 1024w, https:\/\/engetubo.com.br\/premoldados\/wp-content\/uploads\/2023\/03\/CTA-padrao@1.5x-50-768x667.jpg 768w, https:\/\/engetubo.com.br\/premoldados\/wp-content\/uploads\/2023\/03\/CTA-padrao@1.5x-50.jpg 1440w\" sizes=\"auto, (max-width: 300px) 100vw, 300px\" \/><\/div>\n\t\t<\/a>\n\t\t\t\t<div class=\"elementor-post__text\">\n\t\t\t\t<h3 class=\"elementor-post__title\">\n\t\t\t<a href=\"https:\/\/engetubo.com.br\/premoldados\/o-que-sao-as-classes-de-resistencia-dos-tubos\/\" >\n\t\t\t\tO QUE S\u00c3O AS CLASSES DE RESIST\u00caNCIA DOS TUBOS?\t\t\t<\/a>\n\t\t<\/h3>\n\t\t\t\t<div class=\"elementor-post__meta-data\">\n\t\t\t\t\t<span class=\"elementor-post-date\">\n\t\t\t18 de dezembro de 2023\t\t<\/span>\n\t\t\t\t<\/div>\n\t\t\t\t<div class=\"elementor-post__excerpt\">\n\t\t\t<p>Ao utilizar os tubos de concreto em seu projeto, \u00e9 importante se atentar a resist\u00eancia de cada modelo.\u00a0<\/p>\n<p>Ou seja, segundo a classe de resist\u00eancia dos\t\t<\/div>\n\t\t\n\t\t<a class=\"elementor-post__read-more\" href=\"https:\/\/engetubo.com.br\/premoldados\/o-que-sao-as-classes-de-resistencia-dos-tubos\/\" aria-label=\"Read more about O QUE S\u00c3O AS CLASSES DE RESIST\u00caNCIA DOS TUBOS?\" >\n\t\t\tLeia mais \u00bb\t\t<\/a>\n\n\t\t\t\t<\/div>\n\t\t\t\t<\/article>\n\t\t\t\t<article class=\"elementor-post elementor-grid-item post-4234 post type-post status-publish format-standard has-post-thumbnail hentry category-aduelas-de-concreto category-canaleta-de-concreto-para-drenagem category-pre-moldado-em-concreto\">\n\t\t\t\t<a class=\"elementor-post__thumbnail__link\" href=\"https:\/\/engetubo.com.br\/premoldados\/como-funciona-a-drenagem-com-aduela-de-concreto\/\" >\n\t\t\t<div class=\"elementor-post__thumbnail\"><img loading=\"lazy\" decoding=\"async\" width=\"300\" height=\"200\" src=\"https:\/\/engetubo.com.br\/premoldados\/wp-content\/uploads\/2023\/08\/slide4-300x200.jpg\" class=\"attachment-medium size-medium wp-image-419\" alt=\"\" srcset=\"https:\/\/engetubo.com.br\/premoldados\/wp-content\/uploads\/2023\/08\/slide4-300x200.jpg 300w, https:\/\/engetubo.com.br\/premoldados\/wp-content\/uploads\/2023\/08\/slide4-768x512.jpg 768w, https:\/\/engetubo.com.br\/premoldados\/wp-content\/uploads\/2023\/08\/slide4.jpg 850w\" sizes=\"auto, (max-width: 300px) 100vw, 300px\" \/><\/div>\n\t\t<\/a>\n\t\t\t\t<div class=\"elementor-post__text\">\n\t\t\t\t<h3 class=\"elementor-post__title\">\n\t\t\t<a href=\"https:\/\/engetubo.com.br\/premoldados\/como-funciona-a-drenagem-com-aduela-de-concreto\/\" >\n\t\t\t\tCOMO FUNCIONA A DRENAGEM COM ADUELA DE CONCRETO\u00a0\t\t\t<\/a>\n\t\t<\/h3>\n\t\t\t\t<div class=\"elementor-post__meta-data\">\n\t\t\t\t\t<span class=\"elementor-post-date\">\n\t\t\t16 de novembro de 2023\t\t<\/span>\n\t\t\t\t<\/div>\n\t\t\t\t<div class=\"elementor-post__excerpt\">\n\t\t\t<p>Ao criar um sistema de drenagem, as aduelas de concreto s\u00e3o indispens\u00e1veis, isso porque \u00e9 atrav\u00e9s delas, que a \u00e1gua de chuva ser\u00e1 armazenada temporariamente.\u00a0<\/p>\n<p>Dessa\t\t<\/div>\n\t\t\n\t\t<a class=\"elementor-post__read-more\" href=\"https:\/\/engetubo.com.br\/premoldados\/como-funciona-a-drenagem-com-aduela-de-concreto\/\" aria-label=\"Read more about COMO FUNCIONA A DRENAGEM COM ADUELA DE CONCRETO\u00a0\" >\n\t\t\tLeia mais \u00bb\t\t<\/a>\n\n\t\t\t\t<\/div>\n\t\t\t\t<\/article>\n\t\t\t\t<article class=\"elementor-post elementor-grid-item post-4226 post type-post status-publish format-standard has-post-thumbnail hentry category-pre-moldado-em-concreto category-tubos-de-concreto tag-empresa-de-tubos-de-concreto tag-empresa-de-tubos-de-concreto-com-melhor-preco\">\n\t\t\t\t<a class=\"elementor-post__thumbnail__link\" href=\"https:\/\/engetubo.com.br\/premoldados\/tubo-de-concreto-como-saber-o-melhor-preco\/\" >\n\t\t\t<div class=\"elementor-post__thumbnail\"><img loading=\"lazy\" decoding=\"async\" width=\"300\" height=\"200\" src=\"https:\/\/engetubo.com.br\/premoldados\/wp-content\/uploads\/2023\/10\/preco-tubo-de-concreto-engetubo-300x200.webp\" class=\"attachment-medium size-medium wp-image-4227\" alt=\"pre\u00e7o tubo de concreto engetubo\" srcset=\"https:\/\/engetubo.com.br\/premoldados\/wp-content\/uploads\/2023\/10\/preco-tubo-de-concreto-engetubo-300x200.webp 300w, https:\/\/engetubo.com.br\/premoldados\/wp-content\/uploads\/2023\/10\/preco-tubo-de-concreto-engetubo-1024x683.webp 1024w, https:\/\/engetubo.com.br\/premoldados\/wp-content\/uploads\/2023\/10\/preco-tubo-de-concreto-engetubo-768x512.webp 768w, https:\/\/engetubo.com.br\/premoldados\/wp-content\/uploads\/2023\/10\/preco-tubo-de-concreto-engetubo.webp 1080w\" sizes=\"auto, (max-width: 300px) 100vw, 300px\" \/><\/div>\n\t\t<\/a>\n\t\t\t\t<div class=\"elementor-post__text\">\n\t\t\t\t<h3 class=\"elementor-post__title\">\n\t\t\t<a href=\"https:\/\/engetubo.com.br\/premoldados\/tubo-de-concreto-como-saber-o-melhor-preco\/\" >\n\t\t\t\tTUBO DE CONCRETO: COMO SABER O MELHOR PRE\u00c7O\t\t\t<\/a>\n\t\t<\/h3>\n\t\t\t\t<div class=\"elementor-post__meta-data\">\n\t\t\t\t\t<span class=\"elementor-post-date\">\n\t\t\t24 de outubro de 2023\t\t<\/span>\n\t\t\t\t<\/div>\n\t\t\t\t<div class=\"elementor-post__excerpt\">\n\t\t\t<p>L\u00edder de mercado na fabrica\u00e7\u00e3o e venda de tubos de concreto. Atendemos todos os tipos de projetos, com produtos de alta qualidade e sustentabilidade.<\/p>\n\t\t<\/div>\n\t\t\n\t\t<a class=\"elementor-post__read-more\" href=\"https:\/\/engetubo.com.br\/premoldados\/tubo-de-concreto-como-saber-o-melhor-preco\/\" aria-label=\"Read more about TUBO DE CONCRETO: COMO SABER O MELHOR PRE\u00c7O\" >\n\t\t\tLeia mais \u00bb\t\t<\/a>\n\n\t\t\t\t<\/div>\n\t\t\t\t<\/article>\n\t\t\t\t<article class=\"elementor-post elementor-grid-item post-3824 post type-post status-publish format-standard has-post-thumbnail hentry category-pre-moldado-em-concreto tag-empresa-de-empresa-de-tubos-de-concreto tag-empresa-de-tubos-de-concreto tag-empresa-de-tubos-de-concreto-com-melhor-preco tag-empresa-de-tubos-de-concreto-de-qualidade\">\n\t\t\t\t<a class=\"elementor-post__thumbnail__link\" href=\"https:\/\/engetubo.com.br\/premoldados\/caixa-de-concreto-pre-moldado-uma-solucao-eficiente-para-o-armazenamento-e-contencao\/\" >\n\t\t\t<div class=\"elementor-post__thumbnail\"><img loading=\"lazy\" decoding=\"async\" width=\"300\" height=\"225\" src=\"https:\/\/engetubo.com.br\/premoldados\/wp-content\/uploads\/2023\/06\/Caixas-e-Barreiras_Obra-Rota-da-Bandeiras_Engenheiro-Coelho_2-1-300x225.jpeg\" class=\"attachment-medium size-medium wp-image-3832\" alt=\"\" srcset=\"https:\/\/engetubo.com.br\/premoldados\/wp-content\/uploads\/2023\/06\/Caixas-e-Barreiras_Obra-Rota-da-Bandeiras_Engenheiro-Coelho_2-1-300x225.jpeg 300w, https:\/\/engetubo.com.br\/premoldados\/wp-content\/uploads\/2023\/06\/Caixas-e-Barreiras_Obra-Rota-da-Bandeiras_Engenheiro-Coelho_2-1-1024x768.jpeg 1024w, https:\/\/engetubo.com.br\/premoldados\/wp-content\/uploads\/2023\/06\/Caixas-e-Barreiras_Obra-Rota-da-Bandeiras_Engenheiro-Coelho_2-1-768x576.jpeg 768w, https:\/\/engetubo.com.br\/premoldados\/wp-content\/uploads\/2023\/06\/Caixas-e-Barreiras_Obra-Rota-da-Bandeiras_Engenheiro-Coelho_2-1.jpeg 1032w\" sizes=\"auto, (max-width: 300px) 100vw, 300px\" \/><\/div>\n\t\t<\/a>\n\t\t\t\t<div class=\"elementor-post__text\">\n\t\t\t\t<h3 class=\"elementor-post__title\">\n\t\t\t<a href=\"https:\/\/engetubo.com.br\/premoldados\/caixa-de-concreto-pre-moldado-uma-solucao-eficiente-para-o-armazenamento-e-contencao\/\" >\n\t\t\t\tCaixa de Concreto Pr\u00e9-Moldado: uma solu\u00e7\u00e3o eficiente para o armazenamento e conten\u00e7\u00e3o\t\t\t<\/a>\n\t\t<\/h3>\n\t\t\t\t<div class=\"elementor-post__meta-data\">\n\t\t\t\t\t<span class=\"elementor-post-date\">\n\t\t\t30 de junho de 2023\t\t<\/span>\n\t\t\t\t<\/div>\n\t\t\t\t<div class=\"elementor-post__excerpt\">\n\t\t\t<p>L\u00edder de mercado na fabrica\u00e7\u00e3o e venda de tubos de concreto. Atendemos todos os tipos de projetos, com produtos de alta qualidade e sustentabilidade. <\/p>\n\t\t<\/div>\n\t\t\n\t\t<a class=\"elementor-post__read-more\" href=\"https:\/\/engetubo.com.br\/premoldados\/caixa-de-concreto-pre-moldado-uma-solucao-eficiente-para-o-armazenamento-e-contencao\/\" aria-label=\"Read more about Caixa de Concreto Pr\u00e9-Moldado: uma solu\u00e7\u00e3o eficiente para o armazenamento e conten\u00e7\u00e3o\" >\n\t\t\tLeia mais \u00bb\t\t<\/a>\n\n\t\t\t\t<\/div>\n\t\t\t\t<\/article>\n\t\t\t\t<\/div>\n\t\t\n\t\t\t\t<div class=\"e-load-more-anchor\" data-page=\"1\" data-max-page=\"10\" data-next-page=\"https:\/\/engetubo.com.br\/premoldados\/wp-json\/wp\/v2\/pages\/3933\/page\/2\/\"><\/div>\n\t\t\t\t<nav class=\"elementor-pagination\" aria-label=\"Pagina\u00e7\u00e3o\">\n\t\t\t<span aria-current=\"page\" class=\"page-numbers current\"><span class=\"elementor-screen-only\">P\u00e1gina<\/span>1<\/span>\n<a class=\"page-numbers\" href=\"https:\/\/engetubo.com.br\/premoldados\/wp-json\/wp\/v2\/pages\/3933\/page\/2\/\"><span class=\"elementor-screen-only\">P\u00e1gina<\/span>2<\/a>\n<a class=\"page-numbers\" href=\"https:\/\/engetubo.com.br\/premoldados\/wp-json\/wp\/v2\/pages\/3933\/page\/3\/\"><span class=\"elementor-screen-only\">P\u00e1gina<\/span>3<\/a>\n<a class=\"page-numbers\" href=\"https:\/\/engetubo.com.br\/premoldados\/wp-json\/wp\/v2\/pages\/3933\/page\/4\/\"><span class=\"elementor-screen-only\">P\u00e1gina<\/span>4<\/a>\n<a class=\"page-numbers\" href=\"https:\/\/engetubo.com.br\/premoldados\/wp-json\/wp\/v2\/pages\/3933\/page\/5\/\"><span class=\"elementor-screen-only\">P\u00e1gina<\/span>5<\/a>\t\t<\/nav>\n\t\t\t\t<\/div>\n\t\t\t\t<\/div>\n\t\t\t\t\t<\/div>\n\t\t<\/div>\n\t\t\t\t\t\t\t<\/div>\n\t\t<\/section>\n\t\t\t\t\t\t\t<\/div>\n\t\t","protected":false},"excerpt":{"rendered":"<p>Blog<\/p>\n","protected":false},"author":1,"featured_media":0,"parent":0,"menu_order":0,"comment_status":"closed","ping_status":"closed","template":"","meta":{"footnotes":""},"class_list":["post-3933","page","type-page","status-publish","hentry"],"_links":{"self":[{"href":"https:\/\/engetubo.com.br\/premoldados\/wp-json\/wp\/v2\/pages\/3933","targetHints":{"allow":["GET"]}}],"collection":[{"href":"https:\/\/engetubo.com.br\/premoldados\/wp-json\/wp\/v2\/pages"}],"about":[{"href":"https:\/\/engetubo.com.br\/premoldados\/wp-json\/wp\/v2\/types\/page"}],"author":[{"embeddable":true,"href":"https:\/\/engetubo.com.br\/premoldados\/wp-json\/wp\/v2\/users\/1"}],"replies":[{"embeddable":true,"href":"https:\/\/engetubo.com.br\/premoldados\/wp-json\/wp\/v2\/comments?post=3933"}],"version-history":[{"count":8,"href":"https:\/\/engetubo.com.br\/premoldados\/wp-json\/wp\/v2\/pages\/3933\/revisions"}],"predecessor-version":[{"id":4033,"href":"https:\/\/engetubo.com.br\/premoldados\/wp-json\/wp\/v2\/pages\/3933\/revisions\/4033"}],"wp:attachment":[{"href":"https:\/\/engetubo.com.br\/premoldados\/wp-json\/wp\/v2\/media?parent=3933"}],"curies":[{"name":"wp","href":"https:\/\/api.w.org\/{rel}","templated":true}]}}